{"id":13191,"date":"2025-12-22T15:44:13","date_gmt":"2025-12-22T13:44:13","guid":{"rendered":"https:\/\/toggy.store\/books\/5-kitaplik-set\/"},"modified":"2026-04-01T17:42:49","modified_gmt":"2026-04-01T15:42:49","slug":"5-kitaplik-set","status":"publish","type":"product","link":"https:\/\/toggy.store\/tr\/books\/5-kitaplik-set\/","title":{"rendered":"5 kitapl\u0131k set"},"content":{"rendered":"<blockquote>\n<h6><strong>5 kitapl\u0131k set<\/strong> (<em>Yolda \u00b7 Araf \u00b7 Uysal \u00b7 Mektuplar \u00b7 Melankolik<\/em>)<\/h6>\n<\/blockquote>\n<hr \/>\n<p>Be\u015f eserin bir arada <strong>\u00f6zel promosyon fiyat\u0131yla<\/strong> sunuldu\u011fu koleksiyon!<\/p>\n<p>Bu set, yazar\u0131n t\u00fcm yolculu\u011funu tek bir sette sunuyor: sert, i\u00e7e d\u00f6n\u00fck ve duygusal.<\/p>\n<p><em>\u00a0 Be\u015f kitap. Bir yolculuk.<\/em><\/p>\n<p>Derinli\u011fi, d\u00fcr\u00fcstl\u00fc\u011f\u00fc ve son sayfay\u0131 kapatt\u0131ktan sonra da uzun s\u00fcre akl\u0131n\u0131zda kalan edebiyat\u0131 seven okuyucular i\u00e7in.<\/p>\n","protected":false},"excerpt":{"rendered":"<p>T\u00fcm eserlerin <strong>\u00f6zel promosyon fiyat\u0131yla<\/strong> birlikte sunuldu\u011fu koleksiyon!<\/p>\n","protected":false},"featured_media":14269,"comment_status":"open","ping_status":"closed","template":"","meta":[],"product_brand":[],"product_cat":[282],"product_tag":[],"class_list":{"0":"post-13191","1":"product","2":"type-product","3":"status-publish","4":"has-post-thumbnail","6":"product_cat-setler","8":"first","9":"instock","10":"shipping-taxable","11":"purchasable","12":"product-type-variable"},"yoast_head":"<!-- This site is optimized with the Yoast SEO plugin v26.6 - https:\/\/yoast.com\/wordpress\/plugins\/seo\/ -->\n<title>5 kitapl\u0131k set | TOGGY<\/title>\n<meta name=\"description\" content=\"T\u00fcm eserlerin \u00f6zel promosyon fiyat\u0131yla birlikte sunuldu\u011fu koleksiyon!\" \/>\n<meta name=\"robots\" content=\"index, follow, max-snippet:-1, max-image-preview:large, max-video-preview:-1\" \/>\n<link rel=\"canonical\" href=\"https:\/\/toggy.store\/tr\/books\/5-kitaplik-set\/\" \/>\n<meta property=\"og:locale\" content=\"tr_TR\" \/>\n<meta property=\"og:type\" content=\"article\" \/>\n<meta property=\"og:title\" content=\"5 kitapl\u0131k set | TOGGY\" \/>\n<meta property=\"og:description\" content=\"T\u00fcm eserlerin \u00f6zel promosyon fiyat\u0131yla birlikte sunuldu\u011fu koleksiyon!\" \/>\n<meta property=\"og:url\" content=\"https:\/\/toggy.store\/tr\/books\/5-kitaplik-set\/\" \/>\n<meta property=\"og:site_name\" content=\"TOGGY\" \/>\n<meta property=\"article:publisher\" content=\"https:\/\/facebook.com\/@toggy.books\/\" \/>\n<meta property=\"article:modified_time\" content=\"2026-04-01T15:42:49+00:00\" \/>\n<meta property=\"og:image\" content=\"https:\/\/toggy.store\/wp-content\/uploads\/2025\/12\/viber_image_2026-02-12_18-57-20-957.jpg\" \/>\n\t<meta property=\"og:image:width\" content=\"1600\" \/>\n\t<meta property=\"og:image:height\" content=\"1600\" \/>\n\t<meta property=\"og:image:type\" content=\"image\/jpeg\" \/>\n<meta name=\"twitter:card\" content=\"summary_large_image\" \/>\n<meta name=\"twitter:label1\" content=\"Tahmini okuma s\u00fcresi\" \/>\n\t<meta name=\"twitter:data1\" content=\"1 dakika\" \/>\n<script type=\"application\/ld+json\" class=\"yoast-schema-graph\">{\"@context\":\"https:\/\/schema.org\",\"@graph\":[{\"@type\":\"WebPage\",\"@id\":\"https:\/\/toggy.store\/tr\/books\/5-kitaplik-set\/\",\"url\":\"https:\/\/toggy.store\/tr\/books\/5-kitaplik-set\/\",\"name\":\"5 kitapl\u0131k set | TOGGY\",\"isPartOf\":{\"@id\":\"https:\/\/toggy.store\/tr\/#website\"},\"primaryImageOfPage\":{\"@id\":\"https:\/\/toggy.store\/tr\/books\/5-kitaplik-set\/#primaryimage\"},\"image\":{\"@id\":\"https:\/\/toggy.store\/tr\/books\/5-kitaplik-set\/#primaryimage\"},\"thumbnailUrl\":\"https:\/\/toggy.store\/wp-content\/uploads\/2025\/12\/viber_image_2026-02-12_18-57-20-957.jpg\",\"datePublished\":\"2025-12-22T13:44:13+00:00\",\"dateModified\":\"2026-04-01T15:42:49+00:00\",\"description\":\"T\u00fcm eserlerin \u00f6zel promosyon fiyat\u0131yla birlikte sunuldu\u011fu koleksiyon!\",\"breadcrumb\":{\"@id\":\"https:\/\/toggy.store\/tr\/books\/5-kitaplik-set\/#breadcrumb\"},\"inLanguage\":\"tr\",\"potentialAction\":[{\"@type\":\"ReadAction\",\"target\":[\"https:\/\/toggy.store\/tr\/books\/5-kitaplik-set\/\"]}]},{\"@type\":\"ImageObject\",\"inLanguage\":\"tr\",\"@id\":\"https:\/\/toggy.store\/tr\/books\/5-kitaplik-set\/#primaryimage\",\"url\":\"https:\/\/toggy.store\/wp-content\/uploads\/2025\/12\/viber_image_2026-02-12_18-57-20-957.jpg\",\"contentUrl\":\"https:\/\/toggy.store\/wp-content\/uploads\/2025\/12\/viber_image_2026-02-12_18-57-20-957.jpg\",\"width\":1600,\"height\":1600},{\"@type\":\"BreadcrumbList\",\"@id\":\"https:\/\/toggy.store\/tr\/books\/5-kitaplik-set\/#breadcrumb\",\"itemListElement\":[{\"@type\":\"ListItem\",\"position\":1,\"name\":\"Home\",\"item\":\"https:\/\/toggy.store\/tr\/\"},{\"@type\":\"ListItem\",\"position\":2,\"name\":\"Kitaplar\",\"item\":\"https:\/\/toggy.store\/tr\/books\/\"},{\"@type\":\"ListItem\",\"position\":3,\"name\":\"5 kitapl\u0131k set\"}]},{\"@type\":\"WebSite\",\"@id\":\"https:\/\/toggy.store\/tr\/#website\",\"url\":\"https:\/\/toggy.store\/tr\/\",\"name\":\"Toggy Books\",\"description\":\"Toggy&#039;s Portfolio - Books, Music, Actor\",\"publisher\":{\"@id\":\"https:\/\/toggy.store\/tr\/#organization\"},\"potentialAction\":[{\"@type\":\"SearchAction\",\"target\":{\"@type\":\"EntryPoint\",\"urlTemplate\":\"https:\/\/toggy.store\/tr\/?s={search_term_string}\"},\"query-input\":{\"@type\":\"PropertyValueSpecification\",\"valueRequired\":true,\"valueName\":\"search_term_string\"}}],\"inLanguage\":\"tr\"},{\"@type\":\"Organization\",\"@id\":\"https:\/\/toggy.store\/tr\/#organization\",\"name\":\"Toggy Books\",\"url\":\"https:\/\/toggy.store\/tr\/\",\"logo\":{\"@type\":\"ImageObject\",\"inLanguage\":\"tr\",\"@id\":\"https:\/\/toggy.store\/tr\/#\/schema\/logo\/image\/\",\"url\":\"https:\/\/toggy.store\/wp-content\/uploads\/2025\/12\/photo-left-scaled.jpg\",\"contentUrl\":\"https:\/\/toggy.store\/wp-content\/uploads\/2025\/12\/photo-left-scaled.jpg\",\"width\":2401,\"height\":2560,\"caption\":\"Toggy Books\"},\"image\":{\"@id\":\"https:\/\/toggy.store\/tr\/#\/schema\/logo\/image\/\"},\"sameAs\":[\"https:\/\/facebook.com\/@toggy.books\/\"]}]}<\/script>\n<!-- \/ Yoast SEO plugin. -->","yoast_head_json":{"title":"5 kitapl\u0131k set | TOGGY","description":"T\u00fcm eserlerin \u00f6zel promosyon fiyat\u0131yla birlikte sunuldu\u011fu koleksiyon!","robots":{"index":"index","follow":"follow","max-snippet":"max-snippet:-1","max-image-preview":"max-image-preview:large","max-video-preview":"max-video-preview:-1"},"canonical":"https:\/\/toggy.store\/tr\/books\/5-kitaplik-set\/","og_locale":"tr_TR","og_type":"article","og_title":"5 kitapl\u0131k set | TOGGY","og_description":"T\u00fcm eserlerin \u00f6zel promosyon fiyat\u0131yla birlikte sunuldu\u011fu koleksiyon!","og_url":"https:\/\/toggy.store\/tr\/books\/5-kitaplik-set\/","og_site_name":"TOGGY","article_publisher":"https:\/\/facebook.com\/@toggy.books\/","article_modified_time":"2026-04-01T15:42:49+00:00","og_image":[{"width":1600,"height":1600,"url":"https:\/\/toggy.store\/wp-content\/uploads\/2025\/12\/viber_image_2026-02-12_18-57-20-957.jpg","type":"image\/jpeg"}],"twitter_card":"summary_large_image","twitter_misc":{"Tahmini okuma s\u00fcresi":"1 dakika"},"schema":{"@context":"https:\/\/schema.org","@graph":[{"@type":"WebPage","@id":"https:\/\/toggy.store\/tr\/books\/5-kitaplik-set\/","url":"https:\/\/toggy.store\/tr\/books\/5-kitaplik-set\/","name":"5 kitapl\u0131k set | TOGGY","isPartOf":{"@id":"https:\/\/toggy.store\/tr\/#website"},"primaryImageOfPage":{"@id":"https:\/\/toggy.store\/tr\/books\/5-kitaplik-set\/#primaryimage"},"image":{"@id":"https:\/\/toggy.store\/tr\/books\/5-kitaplik-set\/#primaryimage"},"thumbnailUrl":"https:\/\/toggy.store\/wp-content\/uploads\/2025\/12\/viber_image_2026-02-12_18-57-20-957.jpg","datePublished":"2025-12-22T13:44:13+00:00","dateModified":"2026-04-01T15:42:49+00:00","description":"T\u00fcm eserlerin \u00f6zel promosyon fiyat\u0131yla birlikte sunuldu\u011fu koleksiyon!","breadcrumb":{"@id":"https:\/\/toggy.store\/tr\/books\/5-kitaplik-set\/#breadcrumb"},"inLanguage":"tr","potentialAction":[{"@type":"ReadAction","target":["https:\/\/toggy.store\/tr\/books\/5-kitaplik-set\/"]}]},{"@type":"ImageObject","inLanguage":"tr","@id":"https:\/\/toggy.store\/tr\/books\/5-kitaplik-set\/#primaryimage","url":"https:\/\/toggy.store\/wp-content\/uploads\/2025\/12\/viber_image_2026-02-12_18-57-20-957.jpg","contentUrl":"https:\/\/toggy.store\/wp-content\/uploads\/2025\/12\/viber_image_2026-02-12_18-57-20-957.jpg","width":1600,"height":1600},{"@type":"BreadcrumbList","@id":"https:\/\/toggy.store\/tr\/books\/5-kitaplik-set\/#breadcrumb","itemListElement":[{"@type":"ListItem","position":1,"name":"Home","item":"https:\/\/toggy.store\/tr\/"},{"@type":"ListItem","position":2,"name":"Kitaplar","item":"https:\/\/toggy.store\/tr\/books\/"},{"@type":"ListItem","position":3,"name":"5 kitapl\u0131k set"}]},{"@type":"WebSite","@id":"https:\/\/toggy.store\/tr\/#website","url":"https:\/\/toggy.store\/tr\/","name":"Toggy Books","description":"Toggy&#039;s Portfolio - Books, Music, Actor","publisher":{"@id":"https:\/\/toggy.store\/tr\/#organization"},"potentialAction":[{"@type":"SearchAction","target":{"@type":"EntryPoint","urlTemplate":"https:\/\/toggy.store\/tr\/?s={search_term_string}"},"query-input":{"@type":"PropertyValueSpecification","valueRequired":true,"valueName":"search_term_string"}}],"inLanguage":"tr"},{"@type":"Organization","@id":"https:\/\/toggy.store\/tr\/#organization","name":"Toggy Books","url":"https:\/\/toggy.store\/tr\/","logo":{"@type":"ImageObject","inLanguage":"tr","@id":"https:\/\/toggy.store\/tr\/#\/schema\/logo\/image\/","url":"https:\/\/toggy.store\/wp-content\/uploads\/2025\/12\/photo-left-scaled.jpg","contentUrl":"https:\/\/toggy.store\/wp-content\/uploads\/2025\/12\/photo-left-scaled.jpg","width":2401,"height":2560,"caption":"Toggy Books"},"image":{"@id":"https:\/\/toggy.store\/tr\/#\/schema\/logo\/image\/"},"sameAs":["https:\/\/facebook.com\/@toggy.books\/"]}]}},"_links":{"self":[{"href":"https:\/\/toggy.store\/tr\/wp-json\/wp\/v2\/product\/13191","targetHints":{"allow":["GET"]}}],"collection":[{"href":"https:\/\/toggy.store\/tr\/wp-json\/wp\/v2\/product"}],"about":[{"href":"https:\/\/toggy.store\/tr\/wp-json\/wp\/v2\/types\/product"}],"replies":[{"embeddable":true,"href":"https:\/\/toggy.store\/tr\/wp-json\/wp\/v2\/comments?post=13191"}],"version-history":[{"count":4,"href":"https:\/\/toggy.store\/tr\/wp-json\/wp\/v2\/product\/13191\/revisions"}],"predecessor-version":[{"id":13847,"href":"https:\/\/toggy.store\/tr\/wp-json\/wp\/v2\/product\/13191\/revisions\/13847"}],"wp:featuredmedia":[{"embeddable":true,"href":"https:\/\/toggy.store\/tr\/wp-json\/wp\/v2\/media\/14269"}],"wp:attachment":[{"href":"https:\/\/toggy.store\/tr\/wp-json\/wp\/v2\/media?parent=13191"}],"wp:term":[{"taxonomy":"product_brand","embeddable":true,"href":"https:\/\/toggy.store\/tr\/wp-json\/wp\/v2\/product_brand?post=13191"},{"taxonomy":"product_cat","embeddable":true,"href":"https:\/\/toggy.store\/tr\/wp-json\/wp\/v2\/product_cat?post=13191"},{"taxonomy":"product_tag","embeddable":true,"href":"https:\/\/toggy.store\/tr\/wp-json\/wp\/v2\/product_tag?post=13191"}],"curies":[{"name":"wp","href":"https:\/\/api.w.org\/{rel}","templated":true}]}}