{"id":14795,"date":"2026-04-10T08:17:59","date_gmt":"2026-04-10T06:17:59","guid":{"rendered":"https:\/\/toggy.store\/resimler\/"},"modified":"2026-04-10T11:24:36","modified_gmt":"2026-04-10T09:24:36","slug":"resimler","status":"publish","type":"page","link":"https:\/\/toggy.store\/tr\/resimler\/","title":{"rendered":"Resimler"},"content":{"rendered":"\t\t<div data-elementor-type=\"wp-page\" data-elementor-id=\"14795\" class=\"elementor elementor-14795 elementor-14740\">\n\t\t\t\t<div class=\"elementor-element elementor-element-d4e59c2 e-flex e-con-boxed e-con e-parent\" data-id=\"d4e59c2\" data-element_type=\"container\">\n\t\t\t\t\t<div class=\"e-con-inner\">\n\t\t\t\t<div class=\"elementor-element elementor-element-f1a5644 razzi--v-position-bottom razzi--h-position-left elementor-widget elementor-widget-razzi-banner\" data-id=\"f1a5644\" data-element_type=\"widget\" data-widget_type=\"razzi-banner.default\">\n\t\t\t\t<div class=\"elementor-widget-container\">\n\t\t\t\t\t<div class=\"razzi-banner\"> <div class=\"razzi-banner__featured-image zoom\"><\/div><div class=\"razzi-banner-content\"><div class=\"razzi-banner-content-inner\"><h5 class=\"razzi-banner-content__sub-title\">TOLG\u00c1 TAHSINOV | TOGGY<\/h5><h4 class=\"razzi-banner-content__title\">RES\u0130MLER<\/h4><div class=\"razzi-banner-button-group\"><a href=\"https:\/\/toggy.store\/tr\/contact\/\" class=\"razzi-banner-content__button razzi-button button-normal\">Sipari\u015f ver<span class=\"razzi-svg-icon razzi-icon\"><svg aria-hidden=\"true\" role=\"img\" focusable=\"false\" xmlns=\"http:\/\/www.w3.org\/2000\/svg\" width=\"24\" height=\"24\" viewBox=\"0 0 24 24\" fill=\"none\" stroke=\"currentColor\" stroke-width=\"2\" stroke-linecap=\"round\" stroke-linejoin=\"round\"><line x1=\"0\" y1=\"12\" x2=\"19\" y2=\"12\"><\/line><polyline points=\"12 5 19 12 12 19\"><\/polyline><\/svg><\/span><\/a><\/div><\/div><\/div><a href=\"https:\/\/toggy.store\/tr\/contact\/\" class=\"razzi-banner-content__button-link\"><\/a><\/div>\t\t\t\t<\/div>\n\t\t\t\t<\/div>\n\t\t\t\t\t<\/div>\n\t\t\t\t<\/div>\n\t\t<div class=\"elementor-element elementor-element-4450617 e-flex e-con-boxed e-con e-parent\" data-id=\"4450617\" data-element_type=\"container\">\n\t\t\t\t\t<div class=\"e-con-inner\">\n\t\t\t\t<div class=\"elementor-element elementor-element-68d274d elementor-invisible elementor-widget elementor-widget-heading\" data-id=\"68d274d\" data-element_type=\"widget\" data-settings=\"{&quot;_animation&quot;:&quot;fadeInUp&quot;}\" data-widget_type=\"heading.default\">\n\t\t\t\t\t<h2 class=\"elementor-heading-title elementor-size-default\">Benim resimlerim - her renk bir duygudur<\/h2>\t\t\t\t<\/div>\n\t\t\t\t\t<\/div>\n\t\t\t\t<\/div>\n\t\t<div class=\"elementor-element elementor-element-435ba75 e-flex e-con-boxed e-con e-parent\" data-id=\"435ba75\" data-element_type=\"container\">\n\t\t\t\t\t<div class=\"e-con-inner\">\n\t\t\t\t<div class=\"elementor-element elementor-element-d270157 elementor-invisible elementor-widget elementor-widget-heading\" data-id=\"d270157\" data-element_type=\"widget\" data-settings=\"{&quot;_animation&quot;:&quot;slideInUp&quot;}\" data-widget_type=\"heading.default\">\n\t\t\t\t\t<h4 class=\"elementor-heading-title elementor-size-default\">Hissettiklerimi resmediyorum. <\/h4>\t\t\t\t<\/div>\n\t\t\t\t\t<\/div>\n\t\t\t\t<\/div>\n\t\t<div class=\"elementor-element elementor-element-0d509ee e-flex e-con-boxed e-con e-parent\" data-id=\"0d509ee\" data-element_type=\"container\">\n\t\t\t\t\t<div class=\"e-con-inner\">\n\t\t\t\t<div class=\"elementor-element elementor-element-72b2ebc elementor-align-center elementor-invisible elementor-widget elementor-widget-button\" data-id=\"72b2ebc\" data-element_type=\"widget\" data-settings=\"{&quot;_animation&quot;:&quot;bounceInUp&quot;}\" data-widget_type=\"button.default\">\n\t\t\t\t\t\t\t\t\t\t<a class=\"elementor-button elementor-button-link elementor-size-sm\" href=\"https:\/\/toggy.store\/tr\/contact\/\">\n\t\t\t\t\t\t<span class=\"elementor-button-content-wrapper\">\n\t\t\t\t\t\t\t\t\t<span class=\"elementor-button-text\">Tablo sipari\u015f et<\/span>\n\t\t\t\t\t<\/span>\n\t\t\t\t\t<\/a>\n\t\t\t\t\t\t\t\t<\/div>\n\t\t\t\t\t<\/div>\n\t\t\t\t<\/div>\n\t\t<div class=\"elementor-element elementor-element-839fbd6 e-flex e-con-boxed e-con e-parent\" data-id=\"839fbd6\" data-element_type=\"container\" data-settings=\"{&quot;shape_divider_top&quot;:&quot;split&quot;,&quot;shape_divider_bottom&quot;:&quot;split&quot;}\">\n\t\t\t\t\t<div class=\"e-con-inner\">\n\t\t\t\t<div class=\"elementor-shape elementor-shape-top\" aria-hidden=\"true\" data-negative=\"false\">\n\t\t\t<svg xmlns=\"http:\/\/www.w3.org\/2000\/svg\" viewBox=\"0 0 1000 20\" preserveAspectRatio=\"none\">\n\t<path class=\"elementor-shape-fill\" d=\"M0,0v3c0,0,393.8,0,483.4,0c9.2,0,16.6,7.4,16.6,16.6c0-9.1,7.4-16.6,16.6-16.6C606.2,3,1000,3,1000,3V0H0z\"\/>\n<\/svg>\t\t<\/div>\n\t\t\t\t<div class=\"elementor-shape elementor-shape-bottom\" aria-hidden=\"true\" data-negative=\"false\">\n\t\t\t<svg xmlns=\"http:\/\/www.w3.org\/2000\/svg\" viewBox=\"0 0 1000 20\" preserveAspectRatio=\"none\">\n\t<path class=\"elementor-shape-fill\" d=\"M0,0v3c0,0,393.8,0,483.4,0c9.2,0,16.6,7.4,16.6,16.6c0-9.1,7.4-16.6,16.6-16.6C606.2,3,1000,3,1000,3V0H0z\"\/>\n<\/svg>\t\t<\/div>\n\t\t<div class=\"elementor-element elementor-element-8058b14 e-con-full e-flex e-con e-child\" data-id=\"8058b14\" data-element_type=\"container\">\n\t\t\t\t<div class=\"elementor-element elementor-element-d21651b elementor-widget elementor-widget-image\" data-id=\"d21651b\" data-element_type=\"widget\" data-widget_type=\"image.default\">\n\t\t\t\t\t\t\t\t\t\t\t\t\t\t\t<img fetchpriority=\"high\" decoding=\"async\" width=\"640\" height=\"853\" src=\"https:\/\/toggy.store\/wp-content\/uploads\/2026\/04\/\u043a\u0430\u0440\u0442\u0438\u043d\u0430-1-768x1024.jpg\" class=\"attachment-large size-large wp-image-14796\" alt=\"\" srcset=\"https:\/\/toggy.store\/wp-content\/uploads\/2026\/04\/\u043a\u0430\u0440\u0442\u0438\u043d\u0430-1-768x1024.jpg 768w, https:\/\/toggy.store\/wp-content\/uploads\/2026\/04\/\u043a\u0430\u0440\u0442\u0438\u043d\u0430-1-225x300.jpg 225w, https:\/\/toggy.store\/wp-content\/uploads\/2026\/04\/\u043a\u0430\u0440\u0442\u0438\u043d\u0430-1-1152x1536.jpg 1152w, https:\/\/toggy.store\/wp-content\/uploads\/2026\/04\/\u043a\u0430\u0440\u0442\u0438\u043d\u0430-1-1024x1365.jpg 1024w, https:\/\/toggy.store\/wp-content\/uploads\/2026\/04\/\u043a\u0430\u0440\u0442\u0438\u043d\u0430-1.jpg 1200w\" sizes=\"(max-width: 640px) 100vw, 640px\" \/>\t\t\t\t\t\t\t\t\t\t\t\t\t\t\t<\/div>\n\t\t\t\t<\/div>\n\t\t<div class=\"elementor-element elementor-element-aa49e2a e-con-full e-flex e-con e-child\" data-id=\"aa49e2a\" data-element_type=\"container\">\n\t\t\t\t<div class=\"elementor-element elementor-element-e3316a0 elementor-widget elementor-widget-text-editor\" data-id=\"e3316a0\" data-element_type=\"widget\" data-widget_type=\"text-editor.default\">\n\t\t\t\t\t\t\t\t\t<h4><span style=\"color: #000080;\">\u201cOlgunluk\u201d<\/span><\/h4><ul><li><span style=\"color: #000000;\"><strong>Boyutlar:<\/strong> <em>60 x 19,5 sm<\/em><\/span><\/li><li><span style=\"color: #000000;\"><strong>Teknik:<\/strong> <em>Akrilik boya<\/em><\/span><\/li><li><span style=\"color: #000000;\"><strong>Tuval:<\/strong> <em>Ah\u015fap \u00e7er\u00e7eveye gerilmi\u015f, %100 pamuk<\/em><\/span><\/li><li><span style=\"color: #000000;\"><strong>Fiyat:<\/strong> <em>25 euro<\/em><\/span><\/li><\/ul>\t\t\t\t\t\t\t\t<\/div>\n\t\t\t\t<\/div>\n\t\t\t\t\t<\/div>\n\t\t\t\t<\/div>\n\t\t<div class=\"elementor-element elementor-element-9a4d6c7 e-flex e-con-boxed e-con e-parent\" data-id=\"9a4d6c7\" data-element_type=\"container\" data-settings=\"{&quot;shape_divider_top&quot;:&quot;split&quot;,&quot;shape_divider_bottom&quot;:&quot;split&quot;}\">\n\t\t\t\t\t<div class=\"e-con-inner\">\n\t\t\t\t<div class=\"elementor-shape elementor-shape-top\" aria-hidden=\"true\" data-negative=\"false\">\n\t\t\t<svg xmlns=\"http:\/\/www.w3.org\/2000\/svg\" viewBox=\"0 0 1000 20\" preserveAspectRatio=\"none\">\n\t<path class=\"elementor-shape-fill\" d=\"M0,0v3c0,0,393.8,0,483.4,0c9.2,0,16.6,7.4,16.6,16.6c0-9.1,7.4-16.6,16.6-16.6C606.2,3,1000,3,1000,3V0H0z\"\/>\n<\/svg>\t\t<\/div>\n\t\t\t\t<div class=\"elementor-shape elementor-shape-bottom\" aria-hidden=\"true\" data-negative=\"false\">\n\t\t\t<svg xmlns=\"http:\/\/www.w3.org\/2000\/svg\" viewBox=\"0 0 1000 20\" preserveAspectRatio=\"none\">\n\t<path class=\"elementor-shape-fill\" d=\"M0,0v3c0,0,393.8,0,483.4,0c9.2,0,16.6,7.4,16.6,16.6c0-9.1,7.4-16.6,16.6-16.6C606.2,3,1000,3,1000,3V0H0z\"\/>\n<\/svg>\t\t<\/div>\n\t\t<div class=\"elementor-element elementor-element-271dde7 e-con-full e-flex e-con e-child\" data-id=\"271dde7\" data-element_type=\"container\">\n\t\t\t\t<div class=\"elementor-element elementor-element-897467f elementor-widget elementor-widget-image\" data-id=\"897467f\" data-element_type=\"widget\" data-widget_type=\"image.default\">\n\t\t\t\t\t\t\t\t\t\t\t\t\t\t\t<img decoding=\"async\" width=\"640\" height=\"853\" src=\"https:\/\/toggy.store\/wp-content\/uploads\/2026\/04\/\u043a\u0430\u0440\u0442\u0438\u043d\u0430-2-768x1024.jpg\" class=\"attachment-large size-large wp-image-14797\" alt=\"\" srcset=\"https:\/\/toggy.store\/wp-content\/uploads\/2026\/04\/\u043a\u0430\u0440\u0442\u0438\u043d\u0430-2-768x1024.jpg 768w, https:\/\/toggy.store\/wp-content\/uploads\/2026\/04\/\u043a\u0430\u0440\u0442\u0438\u043d\u0430-2-225x300.jpg 225w, https:\/\/toggy.store\/wp-content\/uploads\/2026\/04\/\u043a\u0430\u0440\u0442\u0438\u043d\u0430-2-1152x1536.jpg 1152w, https:\/\/toggy.store\/wp-content\/uploads\/2026\/04\/\u043a\u0430\u0440\u0442\u0438\u043d\u0430-2-1024x1365.jpg 1024w, https:\/\/toggy.store\/wp-content\/uploads\/2026\/04\/\u043a\u0430\u0440\u0442\u0438\u043d\u0430-2.jpg 1200w\" sizes=\"(max-width: 640px) 100vw, 640px\" \/>\t\t\t\t\t\t\t\t\t\t\t\t\t\t\t<\/div>\n\t\t\t\t<\/div>\n\t\t<div class=\"elementor-element elementor-element-65989bf e-con-full e-flex e-con e-child\" data-id=\"65989bf\" data-element_type=\"container\">\n\t\t\t\t<div class=\"elementor-element elementor-element-d357ea0 elementor-widget elementor-widget-text-editor\" data-id=\"d357ea0\" data-element_type=\"widget\" data-widget_type=\"text-editor.default\">\n\t\t\t\t\t\t\t\t\t<h4><span style=\"color: #000080;\">\u201cK\u00fcstahl\u0131k\u201d<\/span><\/h4><ul><li><span style=\"color: #000000;\"><strong>Boyutlar:<\/strong> <em>15,5 x 10,5 sm<\/em><\/span><\/li><li><span style=\"color: #000000;\"><strong>Teknik:<\/strong> <em>Akrilik boya<\/em><\/span><\/li><li><span style=\"color: #000000;\"><strong>Tuval<\/strong>: <em>Ah\u015fap \u00e7er\u00e7eveye gerilmi\u015f, %100 pamuk<\/em><\/span><\/li><li><span style=\"color: #000000;\"><strong>Fiyat:<\/strong> <em>15 euro<\/em><\/span><\/li><\/ul>\t\t\t\t\t\t\t\t<\/div>\n\t\t\t\t<\/div>\n\t\t\t\t\t<\/div>\n\t\t\t\t<\/div>\n\t\t\t\t<\/div>\n\t\t","protected":false},"excerpt":{"rendered":"<p>TOLG\u00c1 TAHSINOV | TOGGY RES\u0130MLER Sipari\u015f ver Benim resimlerim &#8211; her renk bir duygudur Hissettiklerimi resmediyorum. Tablo sipari\u015f et \u201cOlgunluk\u201d Boyutlar: 60 x 19,5 sm Teknik: Akrilik boya Tuval: Ah\u015fap \u00e7er\u00e7eveye gerilmi\u015f, %100 pamuk Fiyat: 25 euro \u201cK\u00fcstahl\u0131k\u201d Boyutlar: 15,5 x 10,5 sm Teknik: Akrilik boya Tuval: Ah\u015fap \u00e7er\u00e7eveye gerilmi\u015f, %100 pamuk Fiyat: 15 euro<\/p>\n","protected":false},"author":1,"featured_media":14872,"parent":0,"menu_order":0,"comment_status":"closed","ping_status":"closed","template":"","meta":{"footnotes":""},"class_list":["post-14795","page","type-page","status-publish","has-post-thumbnail","hentry"],"yoast_head":"<!-- This site is optimized with the Yoast SEO plugin v26.6 - https:\/\/yoast.com\/wordpress\/plugins\/seo\/ -->\n<title>Resimler | TOGGY<\/title>\n<meta name=\"robots\" content=\"index, follow, max-snippet:-1, max-image-preview:large, max-video-preview:-1\" \/>\n<link rel=\"canonical\" href=\"https:\/\/toggy.store\/tr\/resimler\/\" \/>\n<meta property=\"og:locale\" content=\"tr_TR\" \/>\n<meta property=\"og:type\" content=\"article\" \/>\n<meta property=\"og:title\" content=\"Resimler | TOGGY\" \/>\n<meta property=\"og:description\" content=\"TOLG\u00c1 TAHSINOV | TOGGY RES\u0130MLER Sipari\u015f ver Benim resimlerim &#8211; her renk bir duygudur Hissettiklerimi resmediyorum. Tablo sipari\u015f et \u201cOlgunluk\u201d Boyutlar: 60 x 19,5 sm Teknik: Akrilik boya Tuval: Ah\u015fap \u00e7er\u00e7eveye gerilmi\u015f, %100 pamuk Fiyat: 25 euro \u201cK\u00fcstahl\u0131k\u201d Boyutlar: 15,5 x 10,5 sm Teknik: Akrilik boya Tuval: Ah\u015fap \u00e7er\u00e7eveye gerilmi\u015f, %100 pamuk Fiyat: 15 euro\" \/>\n<meta property=\"og:url\" content=\"https:\/\/toggy.store\/tr\/resimler\/\" \/>\n<meta property=\"og:site_name\" content=\"TOGGY\" \/>\n<meta property=\"article:publisher\" content=\"https:\/\/facebook.com\/@toggy.books\/\" \/>\n<meta property=\"article:modified_time\" content=\"2026-04-10T09:24:36+00:00\" \/>\n<meta property=\"og:image\" content=\"https:\/\/toggy.store\/wp-content\/uploads\/2026\/04\/viber_image_2026-04-10_11-23-15-237-1.jpg\" \/>\n\t<meta property=\"og:image:width\" content=\"1401\" \/>\n\t<meta property=\"og:image:height\" content=\"788\" \/>\n\t<meta property=\"og:image:type\" content=\"image\/jpeg\" \/>\n<meta name=\"twitter:card\" content=\"summary_large_image\" \/>\n<meta name=\"twitter:label1\" content=\"Tahmini okuma s\u00fcresi\" \/>\n\t<meta name=\"twitter:data1\" content=\"1 dakika\" \/>\n<script type=\"application\/ld+json\" class=\"yoast-schema-graph\">{\"@context\":\"https:\/\/schema.org\",\"@graph\":[{\"@type\":\"WebPage\",\"@id\":\"https:\/\/toggy.store\/tr\/resimler\/\",\"url\":\"https:\/\/toggy.store\/tr\/resimler\/\",\"name\":\"Resimler | TOGGY\",\"isPartOf\":{\"@id\":\"https:\/\/toggy.store\/tr\/#website\"},\"primaryImageOfPage\":{\"@id\":\"https:\/\/toggy.store\/tr\/resimler\/#primaryimage\"},\"image\":{\"@id\":\"https:\/\/toggy.store\/tr\/resimler\/#primaryimage\"},\"thumbnailUrl\":\"https:\/\/toggy.store\/wp-content\/uploads\/2026\/04\/viber_image_2026-04-10_11-23-15-237-1.jpg\",\"datePublished\":\"2026-04-10T06:17:59+00:00\",\"dateModified\":\"2026-04-10T09:24:36+00:00\",\"breadcrumb\":{\"@id\":\"https:\/\/toggy.store\/tr\/resimler\/#breadcrumb\"},\"inLanguage\":\"tr\",\"potentialAction\":[{\"@type\":\"ReadAction\",\"target\":[\"https:\/\/toggy.store\/tr\/resimler\/\"]}]},{\"@type\":\"ImageObject\",\"inLanguage\":\"tr\",\"@id\":\"https:\/\/toggy.store\/tr\/resimler\/#primaryimage\",\"url\":\"https:\/\/toggy.store\/wp-content\/uploads\/2026\/04\/viber_image_2026-04-10_11-23-15-237-1.jpg\",\"contentUrl\":\"https:\/\/toggy.store\/wp-content\/uploads\/2026\/04\/viber_image_2026-04-10_11-23-15-237-1.jpg\",\"width\":1401,\"height\":788},{\"@type\":\"BreadcrumbList\",\"@id\":\"https:\/\/toggy.store\/tr\/resimler\/#breadcrumb\",\"itemListElement\":[{\"@type\":\"ListItem\",\"position\":1,\"name\":\"Home\",\"item\":\"https:\/\/toggy.store\/tr\/\"},{\"@type\":\"ListItem\",\"position\":2,\"name\":\"Resimler\"}]},{\"@type\":\"WebSite\",\"@id\":\"https:\/\/toggy.store\/tr\/#website\",\"url\":\"https:\/\/toggy.store\/tr\/\",\"name\":\"Toggy Books\",\"description\":\"Toggy&#039;s Portfolio - Books, Music, Actor\",\"publisher\":{\"@id\":\"https:\/\/toggy.store\/tr\/#organization\"},\"potentialAction\":[{\"@type\":\"SearchAction\",\"target\":{\"@type\":\"EntryPoint\",\"urlTemplate\":\"https:\/\/toggy.store\/tr\/?s={search_term_string}\"},\"query-input\":{\"@type\":\"PropertyValueSpecification\",\"valueRequired\":true,\"valueName\":\"search_term_string\"}}],\"inLanguage\":\"tr\"},{\"@type\":\"Organization\",\"@id\":\"https:\/\/toggy.store\/tr\/#organization\",\"name\":\"Toggy Books\",\"url\":\"https:\/\/toggy.store\/tr\/\",\"logo\":{\"@type\":\"ImageObject\",\"inLanguage\":\"tr\",\"@id\":\"https:\/\/toggy.store\/tr\/#\/schema\/logo\/image\/\",\"url\":\"https:\/\/toggy.store\/wp-content\/uploads\/2025\/12\/photo-left-scaled.jpg\",\"contentUrl\":\"https:\/\/toggy.store\/wp-content\/uploads\/2025\/12\/photo-left-scaled.jpg\",\"width\":2401,\"height\":2560,\"caption\":\"Toggy Books\"},\"image\":{\"@id\":\"https:\/\/toggy.store\/tr\/#\/schema\/logo\/image\/\"},\"sameAs\":[\"https:\/\/facebook.com\/@toggy.books\/\"]}]}<\/script>\n<!-- \/ Yoast SEO plugin. -->","yoast_head_json":{"title":"Resimler | TOGGY","robots":{"index":"index","follow":"follow","max-snippet":"max-snippet:-1","max-image-preview":"max-image-preview:large","max-video-preview":"max-video-preview:-1"},"canonical":"https:\/\/toggy.store\/tr\/resimler\/","og_locale":"tr_TR","og_type":"article","og_title":"Resimler | TOGGY","og_description":"TOLG\u00c1 TAHSINOV | TOGGY RES\u0130MLER Sipari\u015f ver Benim resimlerim &#8211; her renk bir duygudur Hissettiklerimi resmediyorum. Tablo sipari\u015f et \u201cOlgunluk\u201d Boyutlar: 60 x 19,5 sm Teknik: Akrilik boya Tuval: Ah\u015fap \u00e7er\u00e7eveye gerilmi\u015f, %100 pamuk Fiyat: 25 euro \u201cK\u00fcstahl\u0131k\u201d Boyutlar: 15,5 x 10,5 sm Teknik: Akrilik boya Tuval: Ah\u015fap \u00e7er\u00e7eveye gerilmi\u015f, %100 pamuk Fiyat: 15 euro","og_url":"https:\/\/toggy.store\/tr\/resimler\/","og_site_name":"TOGGY","article_publisher":"https:\/\/facebook.com\/@toggy.books\/","article_modified_time":"2026-04-10T09:24:36+00:00","og_image":[{"width":1401,"height":788,"url":"https:\/\/toggy.store\/wp-content\/uploads\/2026\/04\/viber_image_2026-04-10_11-23-15-237-1.jpg","type":"image\/jpeg"}],"twitter_card":"summary_large_image","twitter_misc":{"Tahmini okuma s\u00fcresi":"1 dakika"},"schema":{"@context":"https:\/\/schema.org","@graph":[{"@type":"WebPage","@id":"https:\/\/toggy.store\/tr\/resimler\/","url":"https:\/\/toggy.store\/tr\/resimler\/","name":"Resimler | TOGGY","isPartOf":{"@id":"https:\/\/toggy.store\/tr\/#website"},"primaryImageOfPage":{"@id":"https:\/\/toggy.store\/tr\/resimler\/#primaryimage"},"image":{"@id":"https:\/\/toggy.store\/tr\/resimler\/#primaryimage"},"thumbnailUrl":"https:\/\/toggy.store\/wp-content\/uploads\/2026\/04\/viber_image_2026-04-10_11-23-15-237-1.jpg","datePublished":"2026-04-10T06:17:59+00:00","dateModified":"2026-04-10T09:24:36+00:00","breadcrumb":{"@id":"https:\/\/toggy.store\/tr\/resimler\/#breadcrumb"},"inLanguage":"tr","potentialAction":[{"@type":"ReadAction","target":["https:\/\/toggy.store\/tr\/resimler\/"]}]},{"@type":"ImageObject","inLanguage":"tr","@id":"https:\/\/toggy.store\/tr\/resimler\/#primaryimage","url":"https:\/\/toggy.store\/wp-content\/uploads\/2026\/04\/viber_image_2026-04-10_11-23-15-237-1.jpg","contentUrl":"https:\/\/toggy.store\/wp-content\/uploads\/2026\/04\/viber_image_2026-04-10_11-23-15-237-1.jpg","width":1401,"height":788},{"@type":"BreadcrumbList","@id":"https:\/\/toggy.store\/tr\/resimler\/#breadcrumb","itemListElement":[{"@type":"ListItem","position":1,"name":"Home","item":"https:\/\/toggy.store\/tr\/"},{"@type":"ListItem","position":2,"name":"Resimler"}]},{"@type":"WebSite","@id":"https:\/\/toggy.store\/tr\/#website","url":"https:\/\/toggy.store\/tr\/","name":"Toggy Books","description":"Toggy&#039;s Portfolio - Books, Music, Actor","publisher":{"@id":"https:\/\/toggy.store\/tr\/#organization"},"potentialAction":[{"@type":"SearchAction","target":{"@type":"EntryPoint","urlTemplate":"https:\/\/toggy.store\/tr\/?s={search_term_string}"},"query-input":{"@type":"PropertyValueSpecification","valueRequired":true,"valueName":"search_term_string"}}],"inLanguage":"tr"},{"@type":"Organization","@id":"https:\/\/toggy.store\/tr\/#organization","name":"Toggy Books","url":"https:\/\/toggy.store\/tr\/","logo":{"@type":"ImageObject","inLanguage":"tr","@id":"https:\/\/toggy.store\/tr\/#\/schema\/logo\/image\/","url":"https:\/\/toggy.store\/wp-content\/uploads\/2025\/12\/photo-left-scaled.jpg","contentUrl":"https:\/\/toggy.store\/wp-content\/uploads\/2025\/12\/photo-left-scaled.jpg","width":2401,"height":2560,"caption":"Toggy Books"},"image":{"@id":"https:\/\/toggy.store\/tr\/#\/schema\/logo\/image\/"},"sameAs":["https:\/\/facebook.com\/@toggy.books\/"]}]}},"_hostinger_reach_plugin_has_subscription_block":false,"_hostinger_reach_plugin_is_elementor":false,"_links":{"self":[{"href":"https:\/\/toggy.store\/tr\/wp-json\/wp\/v2\/pages\/14795","targetHints":{"allow":["GET"]}}],"collection":[{"href":"https:\/\/toggy.store\/tr\/wp-json\/wp\/v2\/pages"}],"about":[{"href":"https:\/\/toggy.store\/tr\/wp-json\/wp\/v2\/types\/page"}],"author":[{"embeddable":true,"href":"https:\/\/toggy.store\/tr\/wp-json\/wp\/v2\/users\/1"}],"replies":[{"embeddable":true,"href":"https:\/\/toggy.store\/tr\/wp-json\/wp\/v2\/comments?post=14795"}],"version-history":[{"count":13,"href":"https:\/\/toggy.store\/tr\/wp-json\/wp\/v2\/pages\/14795\/revisions"}],"predecessor-version":[{"id":14937,"href":"https:\/\/toggy.store\/tr\/wp-json\/wp\/v2\/pages\/14795\/revisions\/14937"}],"wp:featuredmedia":[{"embeddable":true,"href":"https:\/\/toggy.store\/tr\/wp-json\/wp\/v2\/media\/14872"}],"wp:attachment":[{"href":"https:\/\/toggy.store\/tr\/wp-json\/wp\/v2\/media?parent=14795"}],"curies":[{"name":"wp","href":"https:\/\/api.w.org\/{rel}","templated":true}]}}